{"id":617,"date":"2016-10-24T18:18:50","date_gmt":"2016-10-24T16:18:50","guid":{"rendered":"https:\/\/www.dordogne-castillonderie.fr\/nl\/alentours\/"},"modified":"2025-02-07T10:48:54","modified_gmt":"2025-02-07T09:48:54","slug":"omgeving","status":"publish","type":"page","link":"https:\/\/www.dordogne-castillonderie.fr\/nl\/omgeving\/","title":{"rendered":"De Dordogne"},"content":{"rendered":"<p>In de V\u00e9z\u00e8re-vallei, geclassificeerd als werelderfgoed, wachten vele prehistorische trekpleisters op uw bezoek, met name le Thot, onderdeel van de grotten van Lascaux 2 op 500 meter van onze camping en vele andere plaatsen ge\u00ebrfd van onze Cro-Magnon voorouders.<\/p>\n<p>De P\u00e9rigord Noir is ook rijk aan vele kastelen en pittoreske dorpjes, de een nog mooier dan de andere, waaronder de \u201cmooiste dorpen van Frankrijk\u201d met o.a. Saint L\u00e9on sur V\u00e9z\u00e8re, Saint Amand de Coly en musea, parken en tuinen.<\/p>\n<p>&nbsp;<\/p>\n<p><strong>Enkele nuttige links :<\/strong><\/p>\n<ul>\n<li><a href=\"http:\/\/www.sarlat-tourisme.com\/\" target=\"_blank\" rel=\"noopener\">Sarlat VVV-kantoor<\/a><\/li>\n<li>Toeristische Dienst van de Perigord Noir<\/li>\n<li>Office V\u00e9z\u00e8re Valley toerisme<\/li>\n<\/ul>\n<p><iframe src=\"https:\/\/www.google.com\/maps\/d\/embed?mid=1qDZYFlx-mmID9UNj_36pja9mU_U\" width=\"100%\" height=\"480\"><\/iframe><\/p>\n","protected":false},"excerpt":{"rendered":"<p>In de V\u00e9z\u00e8re-vallei, geclassificeerd als werelderfgoed, wachten vele prehistorische trekpleisters op uw bezoek, met name le Thot, onderdeel van de [&hellip;]<\/p>\n","protected":false},"author":2,"featured_media":0,"parent":0,"menu_order":0,"comment_status":"closed","ping_status":"closed","template":"","meta":{"_acf_changed":false,"footnotes":""},"class_list":["post-617","page","type-page","status-publish","hentry"],"acf":[],"yoast_head":"<!-- This site is optimized with the Yoast SEO plugin v27.3 - https:\/\/yoast.com\/product\/yoast-seo-wordpress\/ -->\n<title>De Dordogne - Camping La Castillonderie<\/title>\n<meta name=\"robots\" content=\"index, follow, max-snippet:-1, max-image-preview:large, max-video-preview:-1\" \/>\n<link rel=\"canonical\" href=\"https:\/\/www.dordogne-castillonderie.fr\/nl\/omgeving\/\" \/>\n<meta property=\"og:locale\" content=\"nl_NL\" \/>\n<meta property=\"og:type\" content=\"article\" \/>\n<meta property=\"og:title\" content=\"De Dordogne - Camping La Castillonderie\" \/>\n<meta property=\"og:description\" content=\"In de V\u00e9z\u00e8re-vallei, geclassificeerd als werelderfgoed, wachten vele prehistorische trekpleisters op uw bezoek, met name le Thot, onderdeel van de [&hellip;]\" \/>\n<meta property=\"og:url\" content=\"https:\/\/www.dordogne-castillonderie.fr\/nl\/omgeving\/\" \/>\n<meta property=\"og:site_name\" content=\"Camping La Castillonderie\" \/>\n<meta property=\"article:modified_time\" content=\"2025-02-07T09:48:54+00:00\" \/>\n<meta name=\"twitter:card\" content=\"summary_large_image\" \/>\n<meta name=\"twitter:label1\" content=\"Geschatte leestijd\" \/>\n\t<meta name=\"twitter:data1\" content=\"1 minuut\" \/>\n<script type=\"application\/ld+json\" class=\"yoast-schema-graph\">{\"@context\":\"https:\\\/\\\/schema.org\",\"@graph\":[{\"@type\":\"WebPage\",\"@id\":\"https:\\\/\\\/www.dordogne-castillonderie.fr\\\/nl\\\/omgeving\\\/\",\"url\":\"https:\\\/\\\/www.dordogne-castillonderie.fr\\\/nl\\\/omgeving\\\/\",\"name\":\"De Dordogne - Camping La Castillonderie\",\"isPartOf\":{\"@id\":\"https:\\\/\\\/www.dordogne-castillonderie.fr\\\/nl\\\/#website\"},\"datePublished\":\"2016-10-24T16:18:50+00:00\",\"dateModified\":\"2025-02-07T09:48:54+00:00\",\"breadcrumb\":{\"@id\":\"https:\\\/\\\/www.dordogne-castillonderie.fr\\\/nl\\\/omgeving\\\/#breadcrumb\"},\"inLanguage\":\"nl-NL\",\"potentialAction\":[{\"@type\":\"ReadAction\",\"target\":[\"https:\\\/\\\/www.dordogne-castillonderie.fr\\\/nl\\\/omgeving\\\/\"]}]},{\"@type\":\"BreadcrumbList\",\"@id\":\"https:\\\/\\\/www.dordogne-castillonderie.fr\\\/nl\\\/omgeving\\\/#breadcrumb\",\"itemListElement\":[{\"@type\":\"ListItem\",\"position\":1,\"name\":\"Accueil\",\"item\":\"https:\\\/\\\/www.dordogne-castillonderie.fr\\\/nl\\\/\"},{\"@type\":\"ListItem\",\"position\":2,\"name\":\"De Dordogne\"}]},{\"@type\":\"WebSite\",\"@id\":\"https:\\\/\\\/www.dordogne-castillonderie.fr\\\/nl\\\/#website\",\"url\":\"https:\\\/\\\/www.dordogne-castillonderie.fr\\\/nl\\\/\",\"name\":\"Camping La Castillonderie\",\"description\":\"Camping en Dordogne P\u00e9rigord Noir\",\"publisher\":{\"@id\":\"https:\\\/\\\/www.dordogne-castillonderie.fr\\\/nl\\\/#organization\"},\"potentialAction\":[{\"@type\":\"SearchAction\",\"target\":{\"@type\":\"EntryPoint\",\"urlTemplate\":\"https:\\\/\\\/www.dordogne-castillonderie.fr\\\/nl\\\/?s={search_term_string}\"},\"query-input\":{\"@type\":\"PropertyValueSpecification\",\"valueRequired\":true,\"valueName\":\"search_term_string\"}}],\"inLanguage\":\"nl-NL\"},{\"@type\":\"Organization\",\"@id\":\"https:\\\/\\\/www.dordogne-castillonderie.fr\\\/nl\\\/#organization\",\"name\":\"Camping La Castillonderie\",\"url\":\"https:\\\/\\\/www.dordogne-castillonderie.fr\\\/nl\\\/\",\"logo\":{\"@type\":\"ImageObject\",\"inLanguage\":\"nl-NL\",\"@id\":\"https:\\\/\\\/www.dordogne-castillonderie.fr\\\/nl\\\/#\\\/schema\\\/logo\\\/image\\\/\",\"url\":\"https:\\\/\\\/www.dordogne-castillonderie.fr\\\/wp-content\\\/uploads\\\/2022\\\/03\\\/logo.png\",\"contentUrl\":\"https:\\\/\\\/www.dordogne-castillonderie.fr\\\/wp-content\\\/uploads\\\/2022\\\/03\\\/logo.png\",\"width\":194,\"height\":157,\"caption\":\"Camping La Castillonderie\"},\"image\":{\"@id\":\"https:\\\/\\\/www.dordogne-castillonderie.fr\\\/nl\\\/#\\\/schema\\\/logo\\\/image\\\/\"}}]}<\/script>\n<!-- \/ Yoast SEO plugin. -->","yoast_head_json":{"title":"De Dordogne - Camping La Castillonderie","robots":{"index":"index","follow":"follow","max-snippet":"max-snippet:-1","max-image-preview":"max-image-preview:large","max-video-preview":"max-video-preview:-1"},"canonical":"https:\/\/www.dordogne-castillonderie.fr\/nl\/omgeving\/","og_locale":"nl_NL","og_type":"article","og_title":"De Dordogne - Camping La Castillonderie","og_description":"In de V\u00e9z\u00e8re-vallei, geclassificeerd als werelderfgoed, wachten vele prehistorische trekpleisters op uw bezoek, met name le Thot, onderdeel van de [&hellip;]","og_url":"https:\/\/www.dordogne-castillonderie.fr\/nl\/omgeving\/","og_site_name":"Camping La Castillonderie","article_modified_time":"2025-02-07T09:48:54+00:00","twitter_card":"summary_large_image","twitter_misc":{"Geschatte leestijd":"1 minuut"},"schema":{"@context":"https:\/\/schema.org","@graph":[{"@type":"WebPage","@id":"https:\/\/www.dordogne-castillonderie.fr\/nl\/omgeving\/","url":"https:\/\/www.dordogne-castillonderie.fr\/nl\/omgeving\/","name":"De Dordogne - Camping La Castillonderie","isPartOf":{"@id":"https:\/\/www.dordogne-castillonderie.fr\/nl\/#website"},"datePublished":"2016-10-24T16:18:50+00:00","dateModified":"2025-02-07T09:48:54+00:00","breadcrumb":{"@id":"https:\/\/www.dordogne-castillonderie.fr\/nl\/omgeving\/#breadcrumb"},"inLanguage":"nl-NL","potentialAction":[{"@type":"ReadAction","target":["https:\/\/www.dordogne-castillonderie.fr\/nl\/omgeving\/"]}]},{"@type":"BreadcrumbList","@id":"https:\/\/www.dordogne-castillonderie.fr\/nl\/omgeving\/#breadcrumb","itemListElement":[{"@type":"ListItem","position":1,"name":"Accueil","item":"https:\/\/www.dordogne-castillonderie.fr\/nl\/"},{"@type":"ListItem","position":2,"name":"De Dordogne"}]},{"@type":"WebSite","@id":"https:\/\/www.dordogne-castillonderie.fr\/nl\/#website","url":"https:\/\/www.dordogne-castillonderie.fr\/nl\/","name":"Camping La Castillonderie","description":"Camping en Dordogne P\u00e9rigord Noir","publisher":{"@id":"https:\/\/www.dordogne-castillonderie.fr\/nl\/#organization"},"potentialAction":[{"@type":"SearchAction","target":{"@type":"EntryPoint","urlTemplate":"https:\/\/www.dordogne-castillonderie.fr\/nl\/?s={search_term_string}"},"query-input":{"@type":"PropertyValueSpecification","valueRequired":true,"valueName":"search_term_string"}}],"inLanguage":"nl-NL"},{"@type":"Organization","@id":"https:\/\/www.dordogne-castillonderie.fr\/nl\/#organization","name":"Camping La Castillonderie","url":"https:\/\/www.dordogne-castillonderie.fr\/nl\/","logo":{"@type":"ImageObject","inLanguage":"nl-NL","@id":"https:\/\/www.dordogne-castillonderie.fr\/nl\/#\/schema\/logo\/image\/","url":"https:\/\/www.dordogne-castillonderie.fr\/wp-content\/uploads\/2022\/03\/logo.png","contentUrl":"https:\/\/www.dordogne-castillonderie.fr\/wp-content\/uploads\/2022\/03\/logo.png","width":194,"height":157,"caption":"Camping La Castillonderie"},"image":{"@id":"https:\/\/www.dordogne-castillonderie.fr\/nl\/#\/schema\/logo\/image\/"}}]}},"_links":{"self":[{"href":"https:\/\/www.dordogne-castillonderie.fr\/nl\/wp-json\/wp\/v2\/pages\/617","targetHints":{"allow":["GET"]}}],"collection":[{"href":"https:\/\/www.dordogne-castillonderie.fr\/nl\/wp-json\/wp\/v2\/pages"}],"about":[{"href":"https:\/\/www.dordogne-castillonderie.fr\/nl\/wp-json\/wp\/v2\/types\/page"}],"author":[{"embeddable":true,"href":"https:\/\/www.dordogne-castillonderie.fr\/nl\/wp-json\/wp\/v2\/users\/2"}],"replies":[{"embeddable":true,"href":"https:\/\/www.dordogne-castillonderie.fr\/nl\/wp-json\/wp\/v2\/comments?post=617"}],"version-history":[{"count":7,"href":"https:\/\/www.dordogne-castillonderie.fr\/nl\/wp-json\/wp\/v2\/pages\/617\/revisions"}],"predecessor-version":[{"id":8957,"href":"https:\/\/www.dordogne-castillonderie.fr\/nl\/wp-json\/wp\/v2\/pages\/617\/revisions\/8957"}],"wp:attachment":[{"href":"https:\/\/www.dordogne-castillonderie.fr\/nl\/wp-json\/wp\/v2\/media?parent=617"}],"curies":[{"name":"wp","href":"https:\/\/api.w.org\/{rel}","templated":true}]}}