{"id":655,"date":"2016-10-24T17:59:59","date_gmt":"2016-10-24T15:59:59","guid":{"rendered":"https:\/\/www.dordogne-castillonderie.fr\/en\/activites-animations\/"},"modified":"2026-02-11T19:34:59","modified_gmt":"2026-02-11T18:34:59","slug":"activities-animations","status":"publish","type":"page","link":"https:\/\/www.dordogne-castillonderie.fr\/en\/activities-animations\/","title":{"rendered":"Activities &#038; Animations"},"content":{"rendered":"<h2>The swimming pool<\/h2>\n<p>Come and enjoy a swim in our l<strong>arge heated pool<\/strong> (16 x 8 m) and if you want to relax, we have sun beds available for you. The swimming pool is <strong><span style=\"color: #5ec4ec;\">open from Mai 15th to September 15th<\/span><\/strong> .<\/p>\n<p>POOL AT NIGHT once a week, depending on the weather.<\/p>\n<p>Small children can enjoy themselves in one of the <strong>2 paddling pools<\/strong> (depth 20 cm and 40 cm). For the hygiene of everyone, only swimming suits and boxers are allowed.<\/p>\n<p>&nbsp;<\/p>\n<h2>Activities and animations<\/h2>\n<p>Children can have fun in our new <strong>playground,<\/strong> on the<strong> inflatable playground \u201cZozos\u201d<\/strong> or they can join the <strong>kid\u2019s club<\/strong> in the morning <strong><span style=\"color: #5ec4ec;\">(animator from 18th July till 19th August).<\/span><\/strong> In the afternoon and the evening sports activities such as water games, water polo, table tennis, archery\u2026 At the end of the day, <strong>mini-disco<\/strong> for the little ones. Occasionally we organize various animations on the evening (musical evenings, bingo, foot parents against children&#8230;)<\/p>\n<p>A <strong>volleyball<\/strong> and <strong>badminton field<\/strong> and <strong>Ping-Pong table<\/strong> are present.<\/p>\n<p>At the campsite you will find a <strong>toy library<\/strong>, a <strong>library<\/strong> and a private pond.<\/p>\n<p>We organize <strong>themed evenings<\/strong> (Perigordine, mussels, pancakes&#8230;).<\/p>\n<p>During the season, the passage of a <strong>circus.<\/strong><\/p>\n<p>We will transmit sports events on a large screen with a video-projector and home cinema to get the mood going.<\/p>\n<p>This beautiful area offers many <strong>hiking opportunities from the campsite<\/strong> <span style=\"color: #5ec4ec;\">(<\/span><span style=\"color: #5ec4ec;\">GR36<\/span><strong><span style=\"color: #5ec4ec;\"> at 400m),<\/span><\/strong> with a file with routes available for you at the campsite or visit the tourist office website. Whether by car, motorcycle or bicycle, you will discover beautiful landscapes and can go for many trips.<\/p>\n<p>&nbsp;<\/p>\n<h2 style=\"text-align: center;\">Animation program of the campsite<\/h2>\n<p>&nbsp;<\/p>\n<p>This is an example program<\/p>\n<p>&nbsp;<\/p>\n<p>&nbsp;<\/p>\n<h2 style=\"text-align: center;\">Events, shows 2021<\/h2>\n<table style=\"width: 529px;\">\n<tbody>\n<tr>\n<td style=\"text-align: center; width: 89.25px;\">\n<p>Monday<\/p>\n<p>19 July<\/p>\n<\/td>\n<td style=\"width: 119.317px;\">\n<p>Musical evening<\/p>\n<p><a href=\"https:\/\/www.youtube.com\/channel\/UC7M6W0GCzB93zK0sIau4zdw\/videos\" target=\"_blank\" rel=\"noopener\">S\u00e9rie Limit\u00e9e<\/a><\/p>\n<\/td>\n<td style=\"text-align: center; width: 257.633px;\">\u00a0<\/td>\n<\/tr>\n<tr>\n<td style=\"text-align: center; width: 89.25px;\">\n<p>Monday<\/p>\n<p>26 July<\/p>\n<\/td>\n<td style=\"width: 119.317px;\">\n<p style=\"text-align: center;\">Musical evening<\/p>\n<p style=\"text-align: center;\"><a href=\"https:\/\/www.youtube.com\/watch?v=hWmR9JyDHlU\">Corto Maltese<\/a><\/p>\n<p>&nbsp;<\/p>\n<\/td>\n<td style=\"text-align: center; width: 257.633px;\">\u00a0<\/td>\n<\/tr>\n<tr>\n<td style=\"text-align: center; width: 89.25px;\">\n<p>Monday<\/p>\n<p>2 august<\/p>\n<\/td>\n<td style=\"width: 119.317px;\">\n<p style=\"text-align: center;\"><span class=\"tlid-translation translation\"><span class=\"\" title=\"\">Musical evening<\/span><\/span><\/p>\n<p style=\"text-align: center;\"><a href=\"https:\/\/www.spitfire24.fr\/\" target=\"_blank\" rel=\"noopener\">Spitfire<\/a><\/p>\n<\/td>\n<td style=\"text-align: center; width: 257.633px;\">\u00a0<\/td>\n<\/tr>\n<tr>\n<td style=\"text-align: center; width: 89.25px;\">\n<p>Monday<\/p>\n<p>9 august<\/p>\n<\/td>\n<td style=\"width: 119.317px;\">\n<p style=\"text-align: center;\">Pop music<\/p>\n<p style=\"text-align: center;\"><a href=\"https:\/\/www.paskalcaron.com\/\">Paskal Caron<\/a><\/p>\n<p style=\"text-align: center;\">\u00a0<\/p>\n<p>&nbsp;<\/p>\n<\/td>\n<td style=\"text-align: center; width: 257.633px;\">\u00a0<\/td>\n<\/tr>\n<tr>\n<td style=\"text-align: center; width: 89.25px;\">\n<p>Monday<\/p>\n<p>16 August<\/p>\n<\/td>\n<td style=\"width: 119.317px;\">\n<p style=\"text-align: center;\">Musical evening<br \/>\n<a href=\"https:\/\/www.rockontheroad.it\/\" target=\"_blank\" rel=\"noopener\">Rock on the road<\/a><\/p>\n<\/td>\n<td style=\"text-align: center; width: 257.633px;\">\u00a0<\/td>\n<\/tr>\n<\/tbody>\n<\/table>\n<h2>Outside<\/h2>\n<p>Fond of sports, you can rent <strong>canoes<\/strong> on the V\u00e9z\u00e8re, do <strong>mini-golf<\/strong> in Montignac (9km), <strong>hang gliding<\/strong> in St L\u00e9on-sur Vezere (5km) or <strong>horse riding<\/strong> in Sergeac (3km) <strong>tree climbing<\/strong> in Thenon (20km).<\/p>\n<p>You can <strong>swin<\/strong> a <strong><span style=\"color: #5ec4ec;\">recreation lake<\/span><\/strong> In Tamni\u00e8s (12km) or in the <span style=\"color: #5ec4ec;\"><strong>river<\/strong><\/span> in Tursac.<\/p>\n<p>We also highly recommend you to visit \u2018le Thot\u2019 (prehistoric animal park and animations 800m), the <strong>Ch\u00e2teau de Losse<\/strong> in Thonac (3km) or <strong>Maison forte de Reignac<\/strong> (cliff castle) in Tursac (13km), to go to the dance and <strong>music festival<\/strong> in Montignac or the P\u00e9rigord noir festival in Sarlat.<\/p>\n<p>You can also discover the most visited sites of the Dordogne: the Lascaux caves (10km) with its prehistoric and world famous paintings and <strong>La Roque St Christophe<\/strong> (10km) with its cliffs and caves dating back to prehistoric times.<\/p>\n<p>You will enjoy strolling through the <strong>villages classified as most beautiful in France<\/strong> such as Saint L\u00e9on-sur-V\u00e9z\u00e8re (6km) and Saint Amand de Coly (18 km).<\/p>\n<p>Remember to check our \u201c Dordogne\u201d to prepare your stay.<\/p>\n<p>There is a <strong>weekly marke<\/strong>t on Saturdays and Wednesdays in Montignac. In July and August, there are also <strong>night markets of local producers<\/strong> with possibility to enjoy a meal; Monday nights in Montignac, Thursdays in Saint L\u00e9on-sur-V\u00e9z\u00e8re and Fridays in Valojoulx (5km).<\/p>\n<p>There are also many <strong>flea markets<\/strong> in the region during the summer months.<\/p>\n<p>&nbsp;<\/p>\n","protected":false},"excerpt":{"rendered":"<p>The swimming pool Come and enjoy a swim in our large heated pool (16 x 8 m) and if you [&hellip;]<\/p>\n","protected":false},"author":2,"featured_media":0,"parent":0,"menu_order":0,"comment_status":"closed","ping_status":"closed","template":"","meta":{"_acf_changed":false,"footnotes":""},"class_list":["post-655","page","type-page","status-publish","hentry"],"acf":[],"yoast_head":"<!-- This site is optimized with the Yoast SEO plugin v27.3 - https:\/\/yoast.com\/product\/yoast-seo-wordpress\/ -->\n<title>Activities &amp; Animations - Camping La Castillonderie<\/title>\n<meta name=\"description\" content=\"On-site and off-site Activities Animations- everything is designed to ensure you have a great holiday in the Dordogne.\" \/>\n<meta name=\"robots\" content=\"index, follow, max-snippet:-1, max-image-preview:large, max-video-preview:-1\" \/>\n<link rel=\"canonical\" href=\"https:\/\/www.dordogne-castillonderie.fr\/en\/activities-animations\/\" \/>\n<meta property=\"og:locale\" content=\"en_US\" \/>\n<meta property=\"og:type\" content=\"article\" \/>\n<meta property=\"og:title\" content=\"Activities &amp; Animations - Camping La Castillonderie\" \/>\n<meta property=\"og:description\" content=\"On-site and off-site Activities Animations- everything is designed to ensure you have a great holiday in the Dordogne.\" \/>\n<meta property=\"og:url\" content=\"https:\/\/www.dordogne-castillonderie.fr\/en\/activities-animations\/\" \/>\n<meta property=\"og:site_name\" content=\"Camping La Castillonderie\" \/>\n<meta property=\"article:modified_time\" content=\"2026-02-11T18:34:59+00:00\" \/>\n<meta name=\"twitter:card\" content=\"summary_large_image\" \/>\n<meta name=\"twitter:label1\" content=\"Est. reading time\" \/>\n\t<meta name=\"twitter:data1\" content=\"13 minutes\" \/>\n<script type=\"application\/ld+json\" class=\"yoast-schema-graph\">{\"@context\":\"https:\\\/\\\/schema.org\",\"@graph\":[{\"@type\":\"WebPage\",\"@id\":\"https:\\\/\\\/www.dordogne-castillonderie.fr\\\/en\\\/activities-animations\\\/\",\"url\":\"https:\\\/\\\/www.dordogne-castillonderie.fr\\\/en\\\/activities-animations\\\/\",\"name\":\"Activities & Animations - Camping La Castillonderie\",\"isPartOf\":{\"@id\":\"https:\\\/\\\/www.dordogne-castillonderie.fr\\\/en\\\/#website\"},\"datePublished\":\"2016-10-24T15:59:59+00:00\",\"dateModified\":\"2026-02-11T18:34:59+00:00\",\"description\":\"On-site and off-site Activities Animations- everything is designed to ensure you have a great holiday in the Dordogne.\",\"breadcrumb\":{\"@id\":\"https:\\\/\\\/www.dordogne-castillonderie.fr\\\/en\\\/activities-animations\\\/#breadcrumb\"},\"inLanguage\":\"en-US\",\"potentialAction\":[{\"@type\":\"ReadAction\",\"target\":[\"https:\\\/\\\/www.dordogne-castillonderie.fr\\\/en\\\/activities-animations\\\/\"]}]},{\"@type\":\"BreadcrumbList\",\"@id\":\"https:\\\/\\\/www.dordogne-castillonderie.fr\\\/en\\\/activities-animations\\\/#breadcrumb\",\"itemListElement\":[{\"@type\":\"ListItem\",\"position\":1,\"name\":\"Accueil\",\"item\":\"https:\\\/\\\/www.dordogne-castillonderie.fr\\\/en\\\/\"},{\"@type\":\"ListItem\",\"position\":2,\"name\":\"Activities &#038; Animations\"}]},{\"@type\":\"WebSite\",\"@id\":\"https:\\\/\\\/www.dordogne-castillonderie.fr\\\/en\\\/#website\",\"url\":\"https:\\\/\\\/www.dordogne-castillonderie.fr\\\/en\\\/\",\"name\":\"Camping La Castillonderie\",\"description\":\"Camping en Dordogne P\u00e9rigord Noir\",\"publisher\":{\"@id\":\"https:\\\/\\\/www.dordogne-castillonderie.fr\\\/en\\\/#organization\"},\"potentialAction\":[{\"@type\":\"SearchAction\",\"target\":{\"@type\":\"EntryPoint\",\"urlTemplate\":\"https:\\\/\\\/www.dordogne-castillonderie.fr\\\/en\\\/?s={search_term_string}\"},\"query-input\":{\"@type\":\"PropertyValueSpecification\",\"valueRequired\":true,\"valueName\":\"search_term_string\"}}],\"inLanguage\":\"en-US\"},{\"@type\":\"Organization\",\"@id\":\"https:\\\/\\\/www.dordogne-castillonderie.fr\\\/en\\\/#organization\",\"name\":\"Camping La Castillonderie\",\"url\":\"https:\\\/\\\/www.dordogne-castillonderie.fr\\\/en\\\/\",\"logo\":{\"@type\":\"ImageObject\",\"inLanguage\":\"en-US\",\"@id\":\"https:\\\/\\\/www.dordogne-castillonderie.fr\\\/en\\\/#\\\/schema\\\/logo\\\/image\\\/\",\"url\":\"https:\\\/\\\/www.dordogne-castillonderie.fr\\\/wp-content\\\/uploads\\\/2022\\\/03\\\/logo.png\",\"contentUrl\":\"https:\\\/\\\/www.dordogne-castillonderie.fr\\\/wp-content\\\/uploads\\\/2022\\\/03\\\/logo.png\",\"width\":194,\"height\":157,\"caption\":\"Camping La Castillonderie\"},\"image\":{\"@id\":\"https:\\\/\\\/www.dordogne-castillonderie.fr\\\/en\\\/#\\\/schema\\\/logo\\\/image\\\/\"}}]}<\/script>\n<!-- \/ Yoast SEO plugin. -->","yoast_head_json":{"title":"Activities & Animations - Camping La Castillonderie","description":"On-site and off-site Activities Animations- everything is designed to ensure you have a great holiday in the Dordogne.","robots":{"index":"index","follow":"follow","max-snippet":"max-snippet:-1","max-image-preview":"max-image-preview:large","max-video-preview":"max-video-preview:-1"},"canonical":"https:\/\/www.dordogne-castillonderie.fr\/en\/activities-animations\/","og_locale":"en_US","og_type":"article","og_title":"Activities & Animations - Camping La Castillonderie","og_description":"On-site and off-site Activities Animations- everything is designed to ensure you have a great holiday in the Dordogne.","og_url":"https:\/\/www.dordogne-castillonderie.fr\/en\/activities-animations\/","og_site_name":"Camping La Castillonderie","article_modified_time":"2026-02-11T18:34:59+00:00","twitter_card":"summary_large_image","twitter_misc":{"Est. reading time":"13 minutes"},"schema":{"@context":"https:\/\/schema.org","@graph":[{"@type":"WebPage","@id":"https:\/\/www.dordogne-castillonderie.fr\/en\/activities-animations\/","url":"https:\/\/www.dordogne-castillonderie.fr\/en\/activities-animations\/","name":"Activities & Animations - Camping La Castillonderie","isPartOf":{"@id":"https:\/\/www.dordogne-castillonderie.fr\/en\/#website"},"datePublished":"2016-10-24T15:59:59+00:00","dateModified":"2026-02-11T18:34:59+00:00","description":"On-site and off-site Activities Animations- everything is designed to ensure you have a great holiday in the Dordogne.","breadcrumb":{"@id":"https:\/\/www.dordogne-castillonderie.fr\/en\/activities-animations\/#breadcrumb"},"inLanguage":"en-US","potentialAction":[{"@type":"ReadAction","target":["https:\/\/www.dordogne-castillonderie.fr\/en\/activities-animations\/"]}]},{"@type":"BreadcrumbList","@id":"https:\/\/www.dordogne-castillonderie.fr\/en\/activities-animations\/#breadcrumb","itemListElement":[{"@type":"ListItem","position":1,"name":"Accueil","item":"https:\/\/www.dordogne-castillonderie.fr\/en\/"},{"@type":"ListItem","position":2,"name":"Activities &#038; Animations"}]},{"@type":"WebSite","@id":"https:\/\/www.dordogne-castillonderie.fr\/en\/#website","url":"https:\/\/www.dordogne-castillonderie.fr\/en\/","name":"Camping La Castillonderie","description":"Camping en Dordogne P\u00e9rigord Noir","publisher":{"@id":"https:\/\/www.dordogne-castillonderie.fr\/en\/#organization"},"potentialAction":[{"@type":"SearchAction","target":{"@type":"EntryPoint","urlTemplate":"https:\/\/www.dordogne-castillonderie.fr\/en\/?s={search_term_string}"},"query-input":{"@type":"PropertyValueSpecification","valueRequired":true,"valueName":"search_term_string"}}],"inLanguage":"en-US"},{"@type":"Organization","@id":"https:\/\/www.dordogne-castillonderie.fr\/en\/#organization","name":"Camping La Castillonderie","url":"https:\/\/www.dordogne-castillonderie.fr\/en\/","logo":{"@type":"ImageObject","inLanguage":"en-US","@id":"https:\/\/www.dordogne-castillonderie.fr\/en\/#\/schema\/logo\/image\/","url":"https:\/\/www.dordogne-castillonderie.fr\/wp-content\/uploads\/2022\/03\/logo.png","contentUrl":"https:\/\/www.dordogne-castillonderie.fr\/wp-content\/uploads\/2022\/03\/logo.png","width":194,"height":157,"caption":"Camping La Castillonderie"},"image":{"@id":"https:\/\/www.dordogne-castillonderie.fr\/en\/#\/schema\/logo\/image\/"}}]}},"_links":{"self":[{"href":"https:\/\/www.dordogne-castillonderie.fr\/en\/wp-json\/wp\/v2\/pages\/655","targetHints":{"allow":["GET"]}}],"collection":[{"href":"https:\/\/www.dordogne-castillonderie.fr\/en\/wp-json\/wp\/v2\/pages"}],"about":[{"href":"https:\/\/www.dordogne-castillonderie.fr\/en\/wp-json\/wp\/v2\/types\/page"}],"author":[{"embeddable":true,"href":"https:\/\/www.dordogne-castillonderie.fr\/en\/wp-json\/wp\/v2\/users\/2"}],"replies":[{"embeddable":true,"href":"https:\/\/www.dordogne-castillonderie.fr\/en\/wp-json\/wp\/v2\/comments?post=655"}],"version-history":[{"count":26,"href":"https:\/\/www.dordogne-castillonderie.fr\/en\/wp-json\/wp\/v2\/pages\/655\/revisions"}],"predecessor-version":[{"id":9263,"href":"https:\/\/www.dordogne-castillonderie.fr\/en\/wp-json\/wp\/v2\/pages\/655\/revisions\/9263"}],"wp:attachment":[{"href":"https:\/\/www.dordogne-castillonderie.fr\/en\/wp-json\/wp\/v2\/media?parent=655"}],"curies":[{"name":"wp","href":"https:\/\/api.w.org\/{rel}","templated":true}]}}