{"id":618,"date":"2016-10-24T18:18:50","date_gmt":"2016-10-24T16:18:50","guid":{"rendered":"https:\/\/www.dordogne-castillonderie.fr\/en\/alentours\/"},"modified":"2025-02-07T10:48:54","modified_gmt":"2025-02-07T09:48:54","slug":"surroundings","status":"publish","type":"page","link":"https:\/\/www.dordogne-castillonderie.fr\/en\/surroundings\/","title":{"rendered":"The Dordogne"},"content":{"rendered":"<p>In the V\u00e9z\u00e8re valley, classified as world heritage, many prehistoric attractions are waiting for your visit, notably le Thot, part of the caves of Lascaux 2 only 500 metres from our campsite and many other places inherited from our Cro-Magnon ancestors.<\/p>\n<p>The P\u00e9rigord Noir is also rich in many castles and picturesque villages, one more beautiful than the other, including the \u201cmost beautiful villages of France\u201d with a.o. Saint L\u00e9on sur V\u00e9z\u00e8re, Saint Amand de Coly and museums, parks and gardens.<\/p>\n<p>&nbsp;<\/p>\n<p><strong>Some useful links :<\/strong><\/p>\n<ul>\n<li><a href=\"http:\/\/www.sarlat-tourisme.com\/\" target=\"_blank\" rel=\"noopener\">Tourist office of Sarlat<\/a><\/li>\n<li>Tourist Office of P\u00e9rigord Noir<\/li>\n<li>Tourist Office Vall\u00e9e V\u00e9z\u00e8re<\/li>\n<\/ul>\n<p><iframe src=\"https:\/\/www.google.com\/maps\/d\/embed?mid=1qDZYFlx-mmID9UNj_36pja9mU_U\" width=\"100%\" height=\"480\"><\/iframe><\/p>\n","protected":false},"excerpt":{"rendered":"<p>In the V\u00e9z\u00e8re valley, classified as world heritage, many prehistoric attractions are waiting for your visit, notably le Thot, part [&hellip;]<\/p>\n","protected":false},"author":2,"featured_media":0,"parent":0,"menu_order":0,"comment_status":"closed","ping_status":"closed","template":"","meta":{"_acf_changed":false,"footnotes":""},"class_list":["post-618","page","type-page","status-publish","hentry"],"acf":[],"yoast_head":"<!-- This site is optimized with the Yoast SEO plugin v27.3 - https:\/\/yoast.com\/product\/yoast-seo-wordpress\/ -->\n<title>The Dordogne - Camping La Castillonderie<\/title>\n<meta name=\"robots\" content=\"index, follow, max-snippet:-1, max-image-preview:large, max-video-preview:-1\" \/>\n<link rel=\"canonical\" href=\"https:\/\/www.dordogne-castillonderie.fr\/en\/surroundings\/\" \/>\n<meta property=\"og:locale\" content=\"en_US\" \/>\n<meta property=\"og:type\" content=\"article\" \/>\n<meta property=\"og:title\" content=\"The Dordogne - Camping La Castillonderie\" \/>\n<meta property=\"og:description\" content=\"In the V\u00e9z\u00e8re valley, classified as world heritage, many prehistoric attractions are waiting for your visit, notably le Thot, part [&hellip;]\" \/>\n<meta property=\"og:url\" content=\"https:\/\/www.dordogne-castillonderie.fr\/en\/surroundings\/\" \/>\n<meta property=\"og:site_name\" content=\"Camping La Castillonderie\" \/>\n<meta property=\"article:modified_time\" content=\"2025-02-07T09:48:54+00:00\" \/>\n<meta name=\"twitter:card\" content=\"summary_large_image\" \/>\n<meta name=\"twitter:label1\" content=\"Est. reading time\" \/>\n\t<meta name=\"twitter:data1\" content=\"1 minute\" \/>\n<script type=\"application\/ld+json\" class=\"yoast-schema-graph\">{\"@context\":\"https:\\\/\\\/schema.org\",\"@graph\":[{\"@type\":\"WebPage\",\"@id\":\"https:\\\/\\\/www.dordogne-castillonderie.fr\\\/en\\\/surroundings\\\/\",\"url\":\"https:\\\/\\\/www.dordogne-castillonderie.fr\\\/en\\\/surroundings\\\/\",\"name\":\"The Dordogne - Camping La Castillonderie\",\"isPartOf\":{\"@id\":\"https:\\\/\\\/www.dordogne-castillonderie.fr\\\/en\\\/#website\"},\"datePublished\":\"2016-10-24T16:18:50+00:00\",\"dateModified\":\"2025-02-07T09:48:54+00:00\",\"breadcrumb\":{\"@id\":\"https:\\\/\\\/www.dordogne-castillonderie.fr\\\/en\\\/surroundings\\\/#breadcrumb\"},\"inLanguage\":\"en-US\",\"potentialAction\":[{\"@type\":\"ReadAction\",\"target\":[\"https:\\\/\\\/www.dordogne-castillonderie.fr\\\/en\\\/surroundings\\\/\"]}]},{\"@type\":\"BreadcrumbList\",\"@id\":\"https:\\\/\\\/www.dordogne-castillonderie.fr\\\/en\\\/surroundings\\\/#breadcrumb\",\"itemListElement\":[{\"@type\":\"ListItem\",\"position\":1,\"name\":\"Accueil\",\"item\":\"https:\\\/\\\/www.dordogne-castillonderie.fr\\\/en\\\/\"},{\"@type\":\"ListItem\",\"position\":2,\"name\":\"The Dordogne\"}]},{\"@type\":\"WebSite\",\"@id\":\"https:\\\/\\\/www.dordogne-castillonderie.fr\\\/en\\\/#website\",\"url\":\"https:\\\/\\\/www.dordogne-castillonderie.fr\\\/en\\\/\",\"name\":\"Camping La Castillonderie\",\"description\":\"Camping en Dordogne P\u00e9rigord Noir\",\"publisher\":{\"@id\":\"https:\\\/\\\/www.dordogne-castillonderie.fr\\\/en\\\/#organization\"},\"potentialAction\":[{\"@type\":\"SearchAction\",\"target\":{\"@type\":\"EntryPoint\",\"urlTemplate\":\"https:\\\/\\\/www.dordogne-castillonderie.fr\\\/en\\\/?s={search_term_string}\"},\"query-input\":{\"@type\":\"PropertyValueSpecification\",\"valueRequired\":true,\"valueName\":\"search_term_string\"}}],\"inLanguage\":\"en-US\"},{\"@type\":\"Organization\",\"@id\":\"https:\\\/\\\/www.dordogne-castillonderie.fr\\\/en\\\/#organization\",\"name\":\"Camping La Castillonderie\",\"url\":\"https:\\\/\\\/www.dordogne-castillonderie.fr\\\/en\\\/\",\"logo\":{\"@type\":\"ImageObject\",\"inLanguage\":\"en-US\",\"@id\":\"https:\\\/\\\/www.dordogne-castillonderie.fr\\\/en\\\/#\\\/schema\\\/logo\\\/image\\\/\",\"url\":\"https:\\\/\\\/www.dordogne-castillonderie.fr\\\/wp-content\\\/uploads\\\/2022\\\/03\\\/logo.png\",\"contentUrl\":\"https:\\\/\\\/www.dordogne-castillonderie.fr\\\/wp-content\\\/uploads\\\/2022\\\/03\\\/logo.png\",\"width\":194,\"height\":157,\"caption\":\"Camping La Castillonderie\"},\"image\":{\"@id\":\"https:\\\/\\\/www.dordogne-castillonderie.fr\\\/en\\\/#\\\/schema\\\/logo\\\/image\\\/\"}}]}<\/script>\n<!-- \/ Yoast SEO plugin. -->","yoast_head_json":{"title":"The Dordogne - Camping La Castillonderie","robots":{"index":"index","follow":"follow","max-snippet":"max-snippet:-1","max-image-preview":"max-image-preview:large","max-video-preview":"max-video-preview:-1"},"canonical":"https:\/\/www.dordogne-castillonderie.fr\/en\/surroundings\/","og_locale":"en_US","og_type":"article","og_title":"The Dordogne - Camping La Castillonderie","og_description":"In the V\u00e9z\u00e8re valley, classified as world heritage, many prehistoric attractions are waiting for your visit, notably le Thot, part [&hellip;]","og_url":"https:\/\/www.dordogne-castillonderie.fr\/en\/surroundings\/","og_site_name":"Camping La Castillonderie","article_modified_time":"2025-02-07T09:48:54+00:00","twitter_card":"summary_large_image","twitter_misc":{"Est. reading time":"1 minute"},"schema":{"@context":"https:\/\/schema.org","@graph":[{"@type":"WebPage","@id":"https:\/\/www.dordogne-castillonderie.fr\/en\/surroundings\/","url":"https:\/\/www.dordogne-castillonderie.fr\/en\/surroundings\/","name":"The Dordogne - Camping La Castillonderie","isPartOf":{"@id":"https:\/\/www.dordogne-castillonderie.fr\/en\/#website"},"datePublished":"2016-10-24T16:18:50+00:00","dateModified":"2025-02-07T09:48:54+00:00","breadcrumb":{"@id":"https:\/\/www.dordogne-castillonderie.fr\/en\/surroundings\/#breadcrumb"},"inLanguage":"en-US","potentialAction":[{"@type":"ReadAction","target":["https:\/\/www.dordogne-castillonderie.fr\/en\/surroundings\/"]}]},{"@type":"BreadcrumbList","@id":"https:\/\/www.dordogne-castillonderie.fr\/en\/surroundings\/#breadcrumb","itemListElement":[{"@type":"ListItem","position":1,"name":"Accueil","item":"https:\/\/www.dordogne-castillonderie.fr\/en\/"},{"@type":"ListItem","position":2,"name":"The Dordogne"}]},{"@type":"WebSite","@id":"https:\/\/www.dordogne-castillonderie.fr\/en\/#website","url":"https:\/\/www.dordogne-castillonderie.fr\/en\/","name":"Camping La Castillonderie","description":"Camping en Dordogne P\u00e9rigord Noir","publisher":{"@id":"https:\/\/www.dordogne-castillonderie.fr\/en\/#organization"},"potentialAction":[{"@type":"SearchAction","target":{"@type":"EntryPoint","urlTemplate":"https:\/\/www.dordogne-castillonderie.fr\/en\/?s={search_term_string}"},"query-input":{"@type":"PropertyValueSpecification","valueRequired":true,"valueName":"search_term_string"}}],"inLanguage":"en-US"},{"@type":"Organization","@id":"https:\/\/www.dordogne-castillonderie.fr\/en\/#organization","name":"Camping La Castillonderie","url":"https:\/\/www.dordogne-castillonderie.fr\/en\/","logo":{"@type":"ImageObject","inLanguage":"en-US","@id":"https:\/\/www.dordogne-castillonderie.fr\/en\/#\/schema\/logo\/image\/","url":"https:\/\/www.dordogne-castillonderie.fr\/wp-content\/uploads\/2022\/03\/logo.png","contentUrl":"https:\/\/www.dordogne-castillonderie.fr\/wp-content\/uploads\/2022\/03\/logo.png","width":194,"height":157,"caption":"Camping La Castillonderie"},"image":{"@id":"https:\/\/www.dordogne-castillonderie.fr\/en\/#\/schema\/logo\/image\/"}}]}},"_links":{"self":[{"href":"https:\/\/www.dordogne-castillonderie.fr\/en\/wp-json\/wp\/v2\/pages\/618","targetHints":{"allow":["GET"]}}],"collection":[{"href":"https:\/\/www.dordogne-castillonderie.fr\/en\/wp-json\/wp\/v2\/pages"}],"about":[{"href":"https:\/\/www.dordogne-castillonderie.fr\/en\/wp-json\/wp\/v2\/types\/page"}],"author":[{"embeddable":true,"href":"https:\/\/www.dordogne-castillonderie.fr\/en\/wp-json\/wp\/v2\/users\/2"}],"replies":[{"embeddable":true,"href":"https:\/\/www.dordogne-castillonderie.fr\/en\/wp-json\/wp\/v2\/comments?post=618"}],"version-history":[{"count":9,"href":"https:\/\/www.dordogne-castillonderie.fr\/en\/wp-json\/wp\/v2\/pages\/618\/revisions"}],"predecessor-version":[{"id":8958,"href":"https:\/\/www.dordogne-castillonderie.fr\/en\/wp-json\/wp\/v2\/pages\/618\/revisions\/8958"}],"wp:attachment":[{"href":"https:\/\/www.dordogne-castillonderie.fr\/en\/wp-json\/wp\/v2\/media?parent=618"}],"curies":[{"name":"wp","href":"https:\/\/api.w.org\/{rel}","templated":true}]}}